{"id":2,"date":"2025-12-15T19:30:40","date_gmt":"2025-12-15T12:30:40","guid":{"rendered":"https:\/\/www.demo.vietnamweb.asia\/?page_id=2"},"modified":"2025-12-15T19:39:23","modified_gmt":"2025-12-15T12:39:23","slug":"trang-chu","status":"publish","type":"page","link":"https:\/\/kuwin37.net\/","title":{"rendered":"Kuwin37 com &#8211; Ng\u00e0y 6 H\u00e0ng Th\u00e1ng Party Ti\u1ec1n Th\u01b0\u1edfng 3000 T\u1ef7 \u0110\u1ed3ng"},"content":{"rendered":"<h2><span style=\"font-size: 110%; color: #f99b1c;\"><strong>TRANG CH\u1ee6 \u0110\u0102NG NH\u1eacP NH\u00c0 C\u00c1I KUWIN<\/strong><\/span><\/h2>\n<p>Link trang t\u1ed5ng v\u00e0o Kuwin37 com ch\u00ednh th\u1ee9c c\u1eadp nh\u1eadt ng\u00e0y h\u00f4m nay m\u1edbi nh\u1ea5t:<\/p>\n<div class=\"row row-small\"  id=\"row-489314221\">\n\n\t<div id=\"col-1626106671\" class=\"col medium-4 small-12 large-4\"  >\n\t\t\t\t<div class=\"col-inner\"  >\n\t\t\t\n\t\t\t\n\t<div class=\"img has-hover x md-x lg-x y md-y lg-y\" id=\"image_1168829710\">\n\t\t<a class=\"\" href=\"https:\/\/te8qc2.pro\/24z7\" >\t\t\t\t\t\t<div class=\"img-inner dark\" >\n\t\t\t<img loading=\"lazy\" decoding=\"async\" width=\"400\" height=\"188\" src=\"https:\/\/kuwin37.net\/wp-content\/uploads\/2025\/03\/dang-ky.webp\" class=\"attachment-original size-original\" alt=\"\u0110\u0103ng k\u00fd nh\u00e0 c\u00e1i\" srcset=\"https:\/\/kuwin37.net\/wp-content\/uploads\/2025\/03\/dang-ky.webp 400w, https:\/\/kuwin37.net\/wp-content\/uploads\/2025\/03\/dang-ky-300x141.webp 300w\" sizes=\"auto, (max-width: 400px) 100vw, 400px\" \/>\t\t\t\t\t\t\n\t\t\t\t\t<\/div>\n\t\t\t\t\t\t<\/a>\t\t\n<style>\n#image_1168829710 {\n  width: 100%;\n}\n<\/style>\n\t<\/div>\n\t\n\t\t<\/div>\n\t\t\t\t\t<\/div>\n\n\t\n\n\t<div id=\"col-53380577\" class=\"col medium-4 small-12 large-4\"  >\n\t\t\t\t<div class=\"col-inner\"  >\n\t\t\t\n\t\t\t\n\t<div class=\"img has-hover x md-x lg-x y md-y lg-y\" id=\"image_1783664786\">\n\t\t<a class=\"\" href=\"https:\/\/te8qc2.pro\/24z7\" >\t\t\t\t\t\t<div class=\"img-inner dark\" >\n\t\t\t<img loading=\"lazy\" decoding=\"async\" width=\"400\" height=\"188\" src=\"https:\/\/kuwin37.net\/wp-content\/uploads\/2025\/03\/dang-nhap.webp\" class=\"attachment-original size-original\" alt=\"\u0110\u0103ng nh\u1eadp t\u1ea3i app\" srcset=\"https:\/\/kuwin37.net\/wp-content\/uploads\/2025\/03\/dang-nhap.webp 400w, https:\/\/kuwin37.net\/wp-content\/uploads\/2025\/03\/dang-nhap-300x141.webp 300w\" sizes=\"auto, (max-width: 400px) 100vw, 400px\" \/>\t\t\t\t\t\t\n\t\t\t\t\t<\/div>\n\t\t\t\t\t\t<\/a>\t\t\n<style>\n#image_1783664786 {\n  width: 100%;\n}\n<\/style>\n\t<\/div>\n\t\n\t\t<\/div>\n\t\t\t\t\t<\/div>\n\n\t\n\n\t<div id=\"col-751843941\" class=\"col medium-4 small-12 large-4\"  >\n\t\t\t\t<div class=\"col-inner\"  >\n\t\t\t\n\t\t\t\n\t<div class=\"img has-hover x md-x lg-x y md-y lg-y\" id=\"image_1649886901\">\n\t\t<a class=\"\" href=\"https:\/\/te8qc2.pro\/24z7\" >\t\t\t\t\t\t<div class=\"img-inner dark\" >\n\t\t\t<img loading=\"lazy\" decoding=\"async\" width=\"400\" height=\"188\" src=\"https:\/\/kuwin37.net\/wp-content\/uploads\/2025\/03\/khuyen-mai.webp\" class=\"attachment-original size-original\" alt=\"Khuy\u1ebfn m\u00e3i th\u00e0nh vi\u00ean\" srcset=\"https:\/\/kuwin37.net\/wp-content\/uploads\/2025\/03\/khuyen-mai.webp 400w, https:\/\/kuwin37.net\/wp-content\/uploads\/2025\/03\/khuyen-mai-300x141.webp 300w\" sizes=\"auto, (max-width: 400px) 100vw, 400px\" \/>\t\t\t\t\t\t\n\t\t\t\t\t<\/div>\n\t\t\t\t\t\t<\/a>\t\t\n<style>\n#image_1649886901 {\n  width: 100%;\n}\n<\/style>\n\t<\/div>\n\t\n\t\t<\/div>\n\t\t\t\t\t<\/div>\n\n\t\n<\/div>\n\t<div id=\"gap-607500547\" class=\"gap-element clearfix\" style=\"display:block; height:auto;\">\n\t\t\n<style>\n#gap-607500547 {\n  padding-top: 16px;\n}\n<\/style>\n\t<\/div>\n\t\n\t<div id=\"gap-1997503293\" class=\"gap-element clearfix\" style=\"display:block; height:auto;\">\n\t\t\n<style>\n#gap-1997503293 {\n  padding-top: 15px;\n}\n<\/style>\n\t<\/div>\n\t\n<p><em><strong>Disclaimer (Tuy\u00ean b\u1ed1 mi\u1ec5n tr\u1eeb): <\/strong><\/em>Kuwin37.net chia s\u1ebb th\u00f4ng tin \u0111\u1ec3 ng\u01b0\u1eddi \u0111\u1ecdc tham kh\u1ea3o, ch\u1ec9 ph\u00f9 h\u1ee3p v\u1edbi ng\u01b0\u1eddi t\u1eeb 18 tu\u1ed5i tr\u1edf l\u00ean v\u00e0 kh\u00f4ng c\u01b0 tr\u00fa trong ph\u1ea1m vi l\u00e3nh th\u1ed5 Vi\u1ec7t Nam. Kuwin37 game kh\u00f4ng k\u00eau g\u1ecdi hay khuy\u1ebfn kh\u00edch b\u1ea5t k\u1ef3 h\u00ecnh th\u1ee9c c\u00e1 c\u01b0\u1ee3c n\u00e0o. V\u00ec v\u1eady, m\u1ecdi h\u00e0nh vi truy c\u1eadp, tham gia c\u00e1 c\u01b0\u1ee3c t\u1ea1i c\u00e1c n\u1ec1n t\u1ea3ng c\u1ee7a b\u00ean th\u1ee9 ba v\u00e0 nh\u1eefng r\u1ee7i ro hay thi\u1ec7t h\u1ea1i ph\u00e1t sinh, website ho\u00e0n to\u00e0n kh\u00f4ng ch\u1ecbu tr\u00e1ch nhi\u1ec7m.<\/p>\n<h2 class=\"tieu-de uppercase\"><span style=\"color: #3366ff;\"><strong>FAQ &#8211; Gi\u1ea3i \u0111\u00e1p th\u1eafc m\u1eafc v\u1ec1 nh\u00e0 c\u00e1i KUWIN<\/strong><\/span><\/h2>\n<div class=\"accordion\"><\/div>\n\t<div id=\"accordion-3991951671\" class=\"accordion-item\">\n\t\t<a id=\"accordion-3991951671-label\" class=\"accordion-title plain\" href=\"#accordion-item-\u0110\u0103ng-nh\u1eadp-&#038;-\u0110\u0103ng-k\u00fd-kuwin-.casino-tr\u00ean-trang-n\u00e0o?\" aria-expanded=\"false\" aria-controls=\"accordion-3991951671-content\" >\n\t\t\t<button class=\"toggle\" aria-label=\"Chuy\u1ec3n \u0111\u1ed5i\"><i class=\"icon-angle-down\"><\/i><\/button>\n\t\t\t<span>\u0110\u0103ng nh\u1eadp &amp; \u0110\u0103ng k\u00fd Kuwin .casino tr\u00ean trang n\u00e0o?<\/span>\n\t\t<\/a>\n\t\t<div id=\"accordion-3991951671-content\" class=\"accordion-inner\" aria-labelledby=\"accordion-3991951671-label\" >\n\t\t\t\n<p><span style=\"color: #3366ff;\">C\u00e1c trang \u0111\u0103ng nh\u1eadp v\u00e0 \u0111\u0103ng k\u00fd t\u00e0i kho\u1ea3n Kuwin. com:<\/span><\/p>\n<ul>\n<li><span style=\"color: #3366ff;\">Kuwin37.casino<\/span><\/li>\n<li><span style=\"color: #3366ff;\">Kuwin 37.com<\/span><\/li>\n<li><span style=\"color: #3366ff;\">Kuwin3 7.pro<\/span><\/li>\n<li><span style=\"color: #3366ff;\">Kuwin37 . game<\/span><\/li>\n<li><span style=\"color: #3366ff;\">Kuwin37.bet<\/span><\/li>\n<\/ul>\n<p>#trangchukuwin #dangnhapkuwin #dangkykuwin #taiappkuwin #appkuwin #kuwinbet #kuwincasino<\/p>\n<p>#trangchukuwin37 #dangnhapkuwin37 #dangkykuwin37 #taiappkuwin37 #appkuwin37 #kuwinbet #kuwincasino<\/p>\n\t\t<\/div>\n\t<\/div>\n\t\n\t<div id=\"accordion-2405859289\" class=\"accordion-item\">\n\t\t<a id=\"accordion-2405859289-label\" class=\"accordion-title plain\" href=\"#accordion-item-h\u00ecnh-th\u1ee9c-giao-d\u1ecbch-ch\u00ednh-tr\u00ean-zx88pro-com?\" aria-expanded=\"false\" aria-controls=\"accordion-2405859289-content\" >\n\t\t\t<button class=\"toggle\" aria-label=\"Chuy\u1ec3n \u0111\u1ed5i\"><i class=\"icon-angle-down\"><\/i><\/button>\n\t\t\t<span>H\u00ecnh th\u1ee9c giao d\u1ecbch ch\u00ednh tr\u00ean Zx88pro com?<\/span>\n\t\t<\/a>\n\t\t<div id=\"accordion-2405859289-content\" class=\"accordion-inner\" aria-labelledby=\"accordion-2405859289-label\" >\n\t\t\t\n<p><span style=\"color: #3366ff;\">Trang ch\u1ee7 kuwin game h\u1ed7 tr\u1ee3 h\u00ecnh th\u1ee9c giao d\u1ecbch<\/span><\/p>\n<ul>\n<li><span style=\"color: #3366ff;\">Giao \u0111\u1ecbch b\u1eb1ng s\u1ed1 t\u00e0i kho\u1ea3n ng\u00e2n h\u00e0ng<\/span><\/li>\n<li><span style=\"color: #3366ff;\">Giao d\u1ecbch b\u1eb1ng thi\u1ebft l\u1eadp m\u00e3 QR<\/span><\/li>\n<li><span style=\"color: #3366ff;\">Giao d\u1ecbch qua v\u00ed \u0111i\u1ec7n t\u1eed ( Momo, Viettel Pay, zalo Pay..)<\/span><\/li>\n<li><span style=\"color: #3366ff;\">Giao d\u1ecbch qua v\u00ed ti\u1ec1n \u1ea3o ( USDT).<\/span><\/li>\n<\/ul>\n\t\t<\/div>\n\t<\/div>\n\t\n\t<div id=\"accordion-1312099994\" class=\"accordion-item\">\n\t\t<a id=\"accordion-1312099994-label\" class=\"accordion-title plain\" href=\"#accordion-item-d\u1ecbch-v\u1ee5-cskh-t\u1ea1i-zx88-bet-c\u00f3-t\u1ed1t-kh\u00f4ng?\" aria-expanded=\"false\" aria-controls=\"accordion-1312099994-content\" >\n\t\t\t<button class=\"toggle\" aria-label=\"Chuy\u1ec3n \u0111\u1ed5i\"><i class=\"icon-angle-down\"><\/i><\/button>\n\t\t\t<span>D\u1ecbch v\u1ee5 CSKH t\u1ea1i Zx88 bet c\u00f3 t\u1ed1t kh\u00f4ng?<\/span>\n\t\t<\/a>\n\t\t<div id=\"accordion-1312099994-content\" class=\"accordion-inner\" aria-labelledby=\"accordion-1312099994-label\" >\n\t\t\t\n<p><span style=\"color: #3366ff;\">CSKH t\u1ea1i trang Kuwin 37 com \u0111\u01b0\u1ee3c \u0111\u00e0o t\u1ea1o chuy\u00ean nghi\u1ec7p \u1ee9ng ph\u00f3 x\u1eed l\u00fd t\u00ecnh hu\u1ed1ng nhanh, giao ti\u1ebfp l\u1ecbch s\u1ef1 t\u00f4n tr\u1ecdng ng\u01b0\u1eddi ch\u01a1i. Ho\u1ea1t \u0111\u1ed9ng li\u00ean t\u1ee5c 24\/24 ch\u1ec9 c\u1ea7n ng\u01b0\u1eddi ch\u01a1i li\u00ean h\u1ec7 s\u1ebd \u0111\u01b0\u1ee3c h\u1ed7 tr\u1ee3 ngay l\u1eadp t\u1ee9c \u0111em \u0111\u1ebfn tr\u1ea3i nghi\u1ec7m t\u1ed1t nh\u1ea5t cho ng\u01b0\u1eddi ch\u01a1i.<\/span><\/p>\n\t\t<\/div>\n\t<\/div>\n\t\n\t<div id=\"accordion-1160027778\" class=\"accordion-item\">\n\t\t<a id=\"accordion-1160027778-label\" class=\"accordion-title plain\" href=\"#accordion-item-c\u00f3-r\u00fat-\u0111\u01b0\u1ee3c-ti\u1ec1n-tr\u00ean-kuwin37-.casino-kh\u00f4ng?\" aria-expanded=\"false\" aria-controls=\"accordion-1160027778-content\" >\n\t\t\t<button class=\"toggle\" aria-label=\"Chuy\u1ec3n \u0111\u1ed5i\"><i class=\"icon-angle-down\"><\/i><\/button>\n\t\t\t<span>C\u00f3 r\u00fat \u0111\u01b0\u1ee3c ti\u1ec1n tr\u00ean Kuwin37 .casino kh\u00f4ng?<\/span>\n\t\t<\/a>\n\t\t<div id=\"accordion-1160027778-content\" class=\"accordion-inner\" aria-labelledby=\"accordion-1160027778-label\" >\n\t\t\t\n<p><span style=\"color: #3366ff;\">Ng\u01b0\u1eddi ch\u01a1i ho\u00e0n to\u00e0n r\u00fat \u0111\u01b0\u1ee3c ti\u1ec1n khi \u0111\u00e3 \u0111\u1ee7 \u0111i\u1ec1u ki\u1ec7n ( ho\u00e0n th\u00e0nh s\u1ed1 v\u00f2ng c\u01b0\u1ee3c theo quy \u0111\u1ecbnh v\u00e0 s\u1ef1 ki\u1ec7n khuy\u1ebfn m\u00e3i). Giao d\u1ecbch ho\u00e0n to\u00e0n mi\u1ec5n ph\u00ed v\u1edbi th\u1eddi gian x\u1eed l\u00fd t\u1eeb 1 &#8211; 5 ph\u00fat.<\/span><\/p>\n\t\t<\/div>\n\t<\/div>\n\t\n<p>&nbsp;<\/p>\n","protected":false},"excerpt":{"rendered":"<p>TRANG CH\u1ee6 \u0110\u0102NG NH\u1eacP NH\u00c0 C\u00c1I KUWIN Link trang t\u1ed5ng v\u00e0o Kuwin37 com ch\u00ednh th\u1ee9c c\u1eadp nh\u1eadt ng\u00e0y h\u00f4m nay m\u1edbi nh\u1ea5t: Disclaimer (Tuy\u00ean b\u1ed1 mi\u1ec5n tr\u1eeb): Kuwin37.net chia s\u1ebb th\u00f4ng tin \u0111\u1ec3 ng\u01b0\u1eddi \u0111\u1ecdc tham kh\u1ea3o, ch\u1ec9 ph\u00f9 h\u1ee3p v\u1edbi ng\u01b0\u1eddi t\u1eeb 18 tu\u1ed5i tr\u1edf l\u00ean v\u00e0 kh\u00f4ng c\u01b0 tr\u00fa trong ph\u1ea1m vi l\u00e3nh&#8230;<\/p>\n","protected":false},"author":1,"featured_media":0,"parent":0,"menu_order":0,"comment_status":"closed","ping_status":"open","template":"page-right-sidebar.php","meta":{"footnotes":""},"class_list":["post-2","page","type-page","status-publish","hentry"],"_links":{"self":[{"href":"https:\/\/kuwin37.net\/index.php?rest_route=\/wp\/v2\/pages\/2","targetHints":{"allow":["GET"]}}],"collection":[{"href":"https:\/\/kuwin37.net\/index.php?rest_route=\/wp\/v2\/pages"}],"about":[{"href":"https:\/\/kuwin37.net\/index.php?rest_route=\/wp\/v2\/types\/page"}],"author":[{"embeddable":true,"href":"https:\/\/kuwin37.net\/index.php?rest_route=\/wp\/v2\/users\/1"}],"replies":[{"embeddable":true,"href":"https:\/\/kuwin37.net\/index.php?rest_route=%2Fwp%2Fv2%2Fcomments&post=2"}],"version-history":[{"count":56,"href":"https:\/\/kuwin37.net\/index.php?rest_route=\/wp\/v2\/pages\/2\/revisions"}],"predecessor-version":[{"id":639,"href":"https:\/\/kuwin37.net\/index.php?rest_route=\/wp\/v2\/pages\/2\/revisions\/639"}],"wp:attachment":[{"href":"https:\/\/kuwin37.net\/index.php?rest_route=%2Fwp%2Fv2%2Fmedia&parent=2"}],"curies":[{"name":"wp","href":"https:\/\/api.w.org\/{rel}","templated":true}]}}